{"id":27,"date":"2020-11-16T12:08:17","date_gmt":"2020-11-16T12:08:17","guid":{"rendered":"https:\/\/longevityomics.com\/?page_id=27"},"modified":"2024-05-09T18:38:14","modified_gmt":"2024-05-09T13:38:14","slug":"enroll","status":"publish","type":"page","link":"https:\/\/longevityomics.org\/es\/enroll\/","title":{"rendered":"Inscr\u00edbase en el estudio"},"content":{"rendered":"<p><\/p>\n\n\n\n<h1 class=\"wp-block-heading translation-block\">Nuestro equipo est\u00e1 buscando responder la pregunta: \u00bfCu\u00e1l es la clave para una vida larga y saludable?<\/h1>\n\n\n\n<p class=\"has-black-color has-text-color\">Estamos inscribiendo activamente a personas en las edades de <span>100<\/span> and older (centenarians), as well as their siblings, children, nieces and nephews, who can help researchers identify the secrets to healthy longevity.<\/p>\n\n\n\n<p class=\"has-black-color has-text-color\">La intenci\u00f3n principal de este estudio es encontrar componentes gen\u00e9ticos y biol\u00f3gicos que permiten que algunas personas y sus familias vivan vidas excepcionalmente largas y saludables. Notablemente, los estudios muestran que personas como usted, no solo viven mucho tiempo, sino que tambi\u00e9n retrasan enfermedades o nunca desarrollan enfermedades relacionadas al envejecimiento tal como la enfermedad de Alzheimer, c\u00e1ncer y derrame cerebral.<\/p>\n\n\n\n<p class=\"has-black-color has-text-color\">Inscribimos a participantes de todo Estados Unidos (excepto Alaska y Haw\u00e1i).<\/p>\n\n\n\n<div class=\"wp-block-group\"><div class=\"wp-block-group__inner-container is-layout-flow wp-block-group-is-layout-flow\">\n<h2 class=\"wp-block-heading\">La participaci\u00f3n incluye:<\/h2>\n<\/div><\/div>\n\n\n\n<div class=\"wp-block-group\"><div class=\"wp-block-group__inner-container is-layout-flow wp-block-group-is-layout-flow\">\n<ul class=\"wp-block-list\"><li class=\"translation-block\">Obtener una peque\u00f1a muestra de sangre. Se requiere una muestra de sangre para participar.<\/li><li>Cuestionarios sobre su salud, estilo de vida y su \u00e1rbol familiar<\/li><li>Evaluaci\u00f3n de la habilidad de la memoria y f\u00edsica<\/li><li>Obtener una muestra de heces (quiere decir, una muestra de excreta), para aprender sobre los diferentes tipos de bacteria en sus intestinos y c\u00f3mo podr\u00edan jugar un papel en el envejecimiento saludable.<\/li><\/ul>\n<\/div><\/div>\n\n\n\n<p class=\"has-black-color has-text-color\">Toda la informaci\u00f3n del estudio se recopila remotamente, ya sea por tel\u00e9fono o video, con la excepci\u00f3n de la muestra de sangre. <\/p>\n\n\n\n<h1 class=\"wp-block-heading\">Nuestro equipo sigue precauciones estrictas referentes a COVID-19 con la seguridad del participante en mente<\/h1>\n\n\n\n<p class=\"has-black-color has-text-color\">No hay costos para usted y no tiene que viajar a ning\u00fan lado para estar en el estudio.<\/p>\n\n\n\n<p class=\"has-black-color has-text-color\">Si usted o alguien que usted conoce est\u00e1n interesados en participar en este estudio de investigaci\u00f3n o les gustar\u00eda tener m\u00e1s informaci\u00f3n, por favor complete el siguiente formulario y alguien de nuestro personal de investigaci\u00f3n le dar\u00e1 seguimiento. Alternativamente, puede llamar o enviar un correo electr\u00f3nico a cualquier sitio del estudio.<\/p>","protected":false},"excerpt":{"rendered":"<p>Our researchers are seeking to answer the age-old question: What is the key to a long life? We are actively enrolling individuals ages 100 and older (centenarians), as well as their siblings, children, nieces and nephews, who can help researchers identify the secrets to healthy longevity. A major goal of this research study is to [&hellip;]<\/p>\n<div class='heateor_sss_sharing_container heateor_sss_vertical_sharing heateor_sss_bottom_sharing' style='width:44px;left: -10px;top: 100px;-webkit-box-shadow:none;box-shadow:none;' data-heateor-sss-href='https:\/\/longevityomics.org\/es\/wp-json\/wp\/v2\/pages\/27'><div class=\"heateor_sss_sharing_ul\"><a aria-label=\"Facebook\" class=\"heateor_sss_facebook\" href=\"https:\/\/www.facebook.com\/sharer\/sharer.php?u=https%3A%2F%2Flongevityomics.org%2Fes%2Fwp-json%2Fwp%2Fv2%2Fpages%2F27\" title=\"Facebook\" rel=\"nofollow noopener\" target=\"_blank\" style=\"font-size:32px!important;box-shadow:none;display:inline-block;vertical-align:middle\"><span class=\"heateor_sss_svg\" style=\"background-color:#0765FE;width:40px;height:40px;margin:0;display:inline-block;opacity:1;float:left;font-size:32px;box-shadow:none;display:inline-block;font-size:16px;padding:0 4px;vertical-align:middle;background-repeat:repeat;overflow:hidden;padding:0;cursor:pointer;box-sizing:content-box\"><svg style=\"display:block;\" focusable=\"false\" aria-hidden=\"true\" xmlns=\"http:\/\/www.w3.org\/2000\/svg\" width=\"100%\" height=\"100%\" viewBox=\"0 0 32 32\"><path fill=\"#fff\" d=\"M28 16c0-6.627-5.373-12-12-12S4 9.373 4 16c0 5.628 3.875 10.35 9.101 11.647v-7.98h-2.474V16H13.1v-1.58c0-4.085 1.849-5.978 5.859-5.978.76 0 2.072.15 2.608.298v3.325c-.283-.03-.775-.045-1.386-.045-1.967 0-2.728.745-2.728 2.683V16h3.92l-.673 3.667h-3.247v8.245C23.395 27.195 28 22.135 28 16Z\"><\/path><\/svg><\/span><\/a><a aria-label=\"Twitter\" class=\"heateor_sss_button_twitter\" href=\"https:\/\/twitter.com\/intent\/tweet?text=Integrative%20Longevity%20Omics%20-%20Welcome%20to%20Integrative%20Omics&url=https%3A%2F%2Flongevityomics.org%2Fes%2Fwp-json%2Fwp%2Fv2%2Fpages%2F27\" title=\"Twitter\" rel=\"nofollow noopener\" target=\"_blank\" style=\"font-size:32px!important;box-shadow:none;display:inline-block;vertical-align:middle\"><span class=\"heateor_sss_svg heateor_sss_s__default heateor_sss_s_twitter\" style=\"background-color:#55acee;width:40px;height:40px;margin:0;display:inline-block;opacity:1;float:left;font-size:32px;box-shadow:none;display:inline-block;font-size:16px;padding:0 4px;vertical-align:middle;background-repeat:repeat;overflow:hidden;padding:0;cursor:pointer;box-sizing:content-box\"><svg style=\"display:block;\" focusable=\"false\" aria-hidden=\"true\" xmlns=\"http:\/\/www.w3.org\/2000\/svg\" width=\"100%\" height=\"100%\" viewBox=\"-4 -4 39 39\"><path d=\"M28 8.557a9.913 9.913 0 0 1-2.828.775 4.93 4.93 0 0 0 2.166-2.725 9.738 9.738 0 0 1-3.13 1.194 4.92 4.92 0 0 0-3.593-1.55 4.924 4.924 0 0 0-4.794 6.049c-4.09-.21-7.72-2.17-10.15-5.15a4.942 4.942 0 0 0-.665 2.477c0 1.71.87 3.214 2.19 4.1a4.968 4.968 0 0 1-2.23-.616v.06c0 2.39 1.7 4.38 3.952 4.83-.414.115-.85.174-1.297.174-.318 0-.626-.03-.928-.086a4.935 4.935 0 0 0 4.6 3.42 9.893 9.893 0 0 1-6.114 2.107c-.398 0-.79-.023-1.175-.068a13.953 13.953 0 0 0 7.55 2.213c9.056 0 14.01-7.507 14.01-14.013 0-.213-.005-.426-.015-.637.96-.695 1.795-1.56 2.455-2.55z\" fill=\"#fff\"><\/path><\/svg><\/span><\/a><a aria-label=\"Email\" class=\"heateor_sss_email\" href=\"https:\/\/longevityomics.org\/es\/wp-json\/wp\/v2\/pages\/27\" onclick=\"event.preventDefault();window.open('mailto:?subject=' + decodeURIComponent('Integrative%20Longevity%20Omics%20-%20Welcome%20to%20Integrative%20Omics').replace('&', '%26') + '&body=https%3A%2F%2Flongevityomics.org%2Fes%2Fwp-json%2Fwp%2Fv2%2Fpages%2F27', '_blank')\" title=\"Email\" rel=\"noopener\" style=\"font-size:32px!important;box-shadow:none;display:inline-block;vertical-align:middle\"><span class=\"heateor_sss_svg\" style=\"background-color:#649a3f;width:40px;height:40px;margin:0;display:inline-block;opacity:1;float:left;font-size:32px;box-shadow:none;display:inline-block;font-size:16px;padding:0 4px;vertical-align:middle;background-repeat:repeat;overflow:hidden;padding:0;cursor:pointer;box-sizing:content-box\"><svg style=\"display:block;\" focusable=\"false\" aria-hidden=\"true\" xmlns=\"http:\/\/www.w3.org\/2000\/svg\" width=\"100%\" height=\"100%\" viewBox=\"-.75 -.5 36 36\"><path d=\"M 5.5 11 h 23 v 1 l -11 6 l -11 -6 v -1 m 0 2 l 11 6 l 11 -6 v 11 h -22 v -11\" stroke-width=\"1\" fill=\"#fff\"><\/path><\/svg><\/span><\/a><\/div><div class=\"heateorSssClear\"><\/div><\/div>","protected":false},"author":1,"featured_media":0,"parent":0,"menu_order":4,"comment_status":"closed","ping_status":"closed","template":"","meta":{"_acf_changed":false,"footnotes":""},"class_list":["post-27","page","type-page","status-publish","hentry"],"acf":[],"_links":{"self":[{"href":"https:\/\/longevityomics.org\/es\/wp-json\/wp\/v2\/pages\/27","targetHints":{"allow":["GET"]}}],"collection":[{"href":"https:\/\/longevityomics.org\/es\/wp-json\/wp\/v2\/pages"}],"about":[{"href":"https:\/\/longevityomics.org\/es\/wp-json\/wp\/v2\/types\/page"}],"author":[{"embeddable":true,"href":"https:\/\/longevityomics.org\/es\/wp-json\/wp\/v2\/users\/1"}],"replies":[{"embeddable":true,"href":"https:\/\/longevityomics.org\/es\/wp-json\/wp\/v2\/comments?post=27"}],"version-history":[{"count":132,"href":"https:\/\/longevityomics.org\/es\/wp-json\/wp\/v2\/pages\/27\/revisions"}],"predecessor-version":[{"id":1172,"href":"https:\/\/longevityomics.org\/es\/wp-json\/wp\/v2\/pages\/27\/revisions\/1172"}],"wp:attachment":[{"href":"https:\/\/longevityomics.org\/es\/wp-json\/wp\/v2\/media?parent=27"}],"curies":[{"name":"wp","href":"https:\/\/api.w.org\/{rel}","templated":true}]}}