{"id":29,"date":"2020-11-16T12:09:17","date_gmt":"2020-11-16T07:09:17","guid":{"rendered":"https:\/\/longevityomics.com\/?page_id=29"},"modified":"2022-06-03T02:44:23","modified_gmt":"2022-06-02T21:44:23","slug":"ipsc","status":"publish","type":"page","link":"https:\/\/longevityomics.org\/es\/ipsc\/","title":{"rendered":"Biblioteca Celular iPS"},"content":{"rendered":"<p class=\"translation-block\">Para estos estudios, el Centro para Medicina Regenerativa del Centro M\u00e9dico Boston y de la Universidad de Boston est\u00e1n creando la primera biblioteca de su tipo de c\u00e9lulas madre pluripotentes inducidas (iPSCs) de centenarios. Aprovechando este banco de c\u00e9lulas madre, los investigadores tendr\u00e1n un recurso ilimitado de materiales biol\u00f3gicos espec\u00edficos a la longevidad y tejidos para alimentar el estudio y desarrollar terapias innovadoras para la enfermedad relacionada al envejecimiento.<\/p>\n\n\n\n<p>En una segunda \u00e1rea de investigaci\u00f3n, los investigadores est\u00e1n creando grandes n\u00fameros de hepatocitos y neuronas derivados de iPSC para evaluar funcionalmente la resiliencia o respuesta al estr\u00e9s en los centenarios comparado con las c\u00e9lulas de control.<\/p>","protected":false},"excerpt":{"rendered":"<p>For these studies, the Boston University and Boston Medical Center\u2019s Center for Regenerative Medicine (CReM) is creating the first-of-its-kind library ofinduced pluripotent stem cells (iPSCs) from centenarians. Harnessing this stem cell bank, investigators will have an unlimited resource of longevity-specific biomaterials and tissues to fuel the study of and develop novel therapeutics for aging-related disease. [&hellip;]<\/p>\n<div class='heateor_sss_sharing_container heateor_sss_vertical_sharing heateor_sss_bottom_sharing' style='width:44px;left: -10px;top: 100px;-webkit-box-shadow:none;box-shadow:none;' data-heateor-sss-href='https:\/\/longevityomics.org\/es\/wp-json\/wp\/v2\/pages\/29'><div class=\"heateor_sss_sharing_ul\"><a aria-label=\"Facebook\" class=\"heateor_sss_facebook\" href=\"https:\/\/www.facebook.com\/sharer\/sharer.php?u=https%3A%2F%2Flongevityomics.org%2Fes%2Fwp-json%2Fwp%2Fv2%2Fpages%2F29\" title=\"Facebook\" rel=\"nofollow noopener\" target=\"_blank\" style=\"font-size:32px!important;box-shadow:none;display:inline-block;vertical-align:middle\"><span class=\"heateor_sss_svg\" style=\"background-color:#0765FE;width:40px;height:40px;margin:0;display:inline-block;opacity:1;float:left;font-size:32px;box-shadow:none;display:inline-block;font-size:16px;padding:0 4px;vertical-align:middle;background-repeat:repeat;overflow:hidden;padding:0;cursor:pointer;box-sizing:content-box\"><svg style=\"display:block;\" focusable=\"false\" aria-hidden=\"true\" xmlns=\"http:\/\/www.w3.org\/2000\/svg\" width=\"100%\" height=\"100%\" viewBox=\"0 0 32 32\"><path fill=\"#fff\" d=\"M28 16c0-6.627-5.373-12-12-12S4 9.373 4 16c0 5.628 3.875 10.35 9.101 11.647v-7.98h-2.474V16H13.1v-1.58c0-4.085 1.849-5.978 5.859-5.978.76 0 2.072.15 2.608.298v3.325c-.283-.03-.775-.045-1.386-.045-1.967 0-2.728.745-2.728 2.683V16h3.92l-.673 3.667h-3.247v8.245C23.395 27.195 28 22.135 28 16Z\"><\/path><\/svg><\/span><\/a><a aria-label=\"Twitter\" class=\"heateor_sss_button_twitter\" href=\"https:\/\/twitter.com\/intent\/tweet?text=Integrative%20Longevity%20Omics%20-%20Welcome%20to%20Integrative%20Omics&url=https%3A%2F%2Flongevityomics.org%2Fes%2Fwp-json%2Fwp%2Fv2%2Fpages%2F29\" title=\"Twitter\" rel=\"nofollow noopener\" target=\"_blank\" style=\"font-size:32px!important;box-shadow:none;display:inline-block;vertical-align:middle\"><span class=\"heateor_sss_svg heateor_sss_s__default heateor_sss_s_twitter\" style=\"background-color:#55acee;width:40px;height:40px;margin:0;display:inline-block;opacity:1;float:left;font-size:32px;box-shadow:none;display:inline-block;font-size:16px;padding:0 4px;vertical-align:middle;background-repeat:repeat;overflow:hidden;padding:0;cursor:pointer;box-sizing:content-box\"><svg style=\"display:block;\" focusable=\"false\" aria-hidden=\"true\" xmlns=\"http:\/\/www.w3.org\/2000\/svg\" width=\"100%\" height=\"100%\" viewBox=\"-4 -4 39 39\"><path d=\"M28 8.557a9.913 9.913 0 0 1-2.828.775 4.93 4.93 0 0 0 2.166-2.725 9.738 9.738 0 0 1-3.13 1.194 4.92 4.92 0 0 0-3.593-1.55 4.924 4.924 0 0 0-4.794 6.049c-4.09-.21-7.72-2.17-10.15-5.15a4.942 4.942 0 0 0-.665 2.477c0 1.71.87 3.214 2.19 4.1a4.968 4.968 0 0 1-2.23-.616v.06c0 2.39 1.7 4.38 3.952 4.83-.414.115-.85.174-1.297.174-.318 0-.626-.03-.928-.086a4.935 4.935 0 0 0 4.6 3.42 9.893 9.893 0 0 1-6.114 2.107c-.398 0-.79-.023-1.175-.068a13.953 13.953 0 0 0 7.55 2.213c9.056 0 14.01-7.507 14.01-14.013 0-.213-.005-.426-.015-.637.96-.695 1.795-1.56 2.455-2.55z\" fill=\"#fff\"><\/path><\/svg><\/span><\/a><a aria-label=\"Email\" class=\"heateor_sss_email\" href=\"https:\/\/longevityomics.org\/es\/wp-json\/wp\/v2\/pages\/29\" onclick=\"event.preventDefault();window.open('mailto:?subject=' + decodeURIComponent('Integrative%20Longevity%20Omics%20-%20Welcome%20to%20Integrative%20Omics').replace('&', '%26') + '&body=https%3A%2F%2Flongevityomics.org%2Fes%2Fwp-json%2Fwp%2Fv2%2Fpages%2F29', '_blank')\" title=\"Email\" rel=\"noopener\" style=\"font-size:32px!important;box-shadow:none;display:inline-block;vertical-align:middle\"><span class=\"heateor_sss_svg\" style=\"background-color:#649a3f;width:40px;height:40px;margin:0;display:inline-block;opacity:1;float:left;font-size:32px;box-shadow:none;display:inline-block;font-size:16px;padding:0 4px;vertical-align:middle;background-repeat:repeat;overflow:hidden;padding:0;cursor:pointer;box-sizing:content-box\"><svg style=\"display:block;\" focusable=\"false\" aria-hidden=\"true\" xmlns=\"http:\/\/www.w3.org\/2000\/svg\" width=\"100%\" height=\"100%\" viewBox=\"-.75 -.5 36 36\"><path d=\"M 5.5 11 h 23 v 1 l -11 6 l -11 -6 v -1 m 0 2 l 11 6 l 11 -6 v 11 h -22 v -11\" stroke-width=\"1\" fill=\"#fff\"><\/path><\/svg><\/span><\/a><\/div><div class=\"heateorSssClear\"><\/div><\/div>","protected":false},"author":1,"featured_media":432,"parent":0,"menu_order":6,"comment_status":"closed","ping_status":"closed","template":"","meta":{"_acf_changed":false,"footnotes":""},"class_list":["post-29","page","type-page","status-publish","has-post-thumbnail","hentry"],"acf":[],"_links":{"self":[{"href":"https:\/\/longevityomics.org\/es\/wp-json\/wp\/v2\/pages\/29","targetHints":{"allow":["GET"]}}],"collection":[{"href":"https:\/\/longevityomics.org\/es\/wp-json\/wp\/v2\/pages"}],"about":[{"href":"https:\/\/longevityomics.org\/es\/wp-json\/wp\/v2\/types\/page"}],"author":[{"embeddable":true,"href":"https:\/\/longevityomics.org\/es\/wp-json\/wp\/v2\/users\/1"}],"replies":[{"embeddable":true,"href":"https:\/\/longevityomics.org\/es\/wp-json\/wp\/v2\/comments?post=29"}],"version-history":[{"count":23,"href":"https:\/\/longevityomics.org\/es\/wp-json\/wp\/v2\/pages\/29\/revisions"}],"predecessor-version":[{"id":934,"href":"https:\/\/longevityomics.org\/es\/wp-json\/wp\/v2\/pages\/29\/revisions\/934"}],"wp:featuredmedia":[{"embeddable":true,"href":"https:\/\/longevityomics.org\/es\/wp-json\/wp\/v2\/media\/432"}],"wp:attachment":[{"href":"https:\/\/longevityomics.org\/es\/wp-json\/wp\/v2\/media?parent=29"}],"curies":[{"name":"wp","href":"https:\/\/api.w.org\/{rel}","templated":true}]}}